{"id":987,"date":"2025-07-07T11:53:02","date_gmt":"2025-07-07T15:53:02","guid":{"rendered":"https:\/\/pellerastg.wpenginepowered.com\/contactez-nous\/"},"modified":"2025-07-25T12:30:49","modified_gmt":"2025-07-25T16:30:49","slug":"contactez-nous","status":"publish","type":"page","link":"https:\/\/pellera.com\/fr\/contactez-nous\/","title":{"rendered":"Contactez-nous<br><br>"},"content":{"rendered":"<p>[et_pb_section fb_built=\u00a0\u00bb1&Prime; admin_label=\u00a0\u00bbNewsletter\u00a0\u00bb _builder_version=\u00a0\u00bb4.27.4&Prime; _module_preset=\u00a0\u00bbdefault\u00a0\u00bb background_color=\u00a0\u00bbgcid-b6c4f12c-f25d-4f61-9fb1-6e96404634cd\u00a0\u00bb background_image=\u00a0\u00bbhttps:\/\/pellera.com\/wp-content\/uploads\/2025\/07\/purple-light-bg-2.jpg\u00a0\u00bb background_position=\u00a0\u00bbtop_center\u00a0\u00bb custom_padding=\u00a0\u00bb4rem||||false|false\u00a0\u00bb locked=\u00a0\u00bboff\u00a0\u00bb global_colors_info=\u00a0\u00bb{%22gcid-b6c4f12c-f25d-4f61-9fb1-6e96404634cd%22:%91%22background_color%22%93}\u00a0\u00bb][et_pb_row _builder_version=\u00a0\u00bb4.27.4&Prime; _module_preset=\u00a0\u00bbdefault\u00a0\u00bb global_colors_info=\u00a0\u00bb{}\u00a0\u00bb][et_pb_column type=\u00a0\u00bb4_4&Prime; _builder_version=\u00a0\u00bb4.27.4&Prime; _module_preset=\u00a0\u00bbdefault\u00a0\u00bb global_colors_info=\u00a0\u00bb{}\u00a0\u00bb][et_pb_text _builder_version=\u00a0\u00bb4.27.4&Prime; _module_preset=\u00a0\u00bbdefault\u00a0\u00bb text_text_color=\u00a0\u00bb#FFFFFF\u00a0\u00bb header_text_align=\u00a0\u00bbcenter\u00a0\u00bb animation_style=\u00a0\u00bbslide\u00a0\u00bb animation_direction=\u00a0\u00bbbottom\u00a0\u00bb global_colors_info=\u00a0\u00bb{}\u00a0\u00bb]<\/p>\n<h1>Contactez-nous<\/h1>\n<p>[\/et_pb_text][et_pb_text _builder_version=\u00a0\u00bb4.27.4&Prime; _module_preset=\u00a0\u00bbdefault\u00a0\u00bb text_text_color=\u00a0\u00bb#FFFFFF\u00a0\u00bb text_orientation=\u00a0\u00bbcenter\u00a0\u00bb animation_style=\u00a0\u00bbslide\u00a0\u00bb animation_direction=\u00a0\u00bbbottom\u00a0\u00bb global_colors_info=\u00a0\u00bb{}\u00a0\u00bb]<\/p>\n<p class=\"herosub\">Soumettez une demande pour entamer une conversation d\u00e8s aujourd&rsquo;hui.<\/p>\n<p>[\/et_pb_text][\/et_pb_column][\/et_pb_row][\/et_pb_section][et_pb_section fb_built=\u00a0\u00bb1&Prime; _builder_version=\u00a0\u00bb4.27.4&Prime; _module_preset=\u00a0\u00bbdefault\u00a0\u00bb background_color=\u00a0\u00bb#F1F1F1&Prime; global_colors_info=\u00a0\u00bb{}\u00a0\u00bb][et_pb_row _builder_version=\u00a0\u00bb4.27.4&Prime; _module_preset=\u00a0\u00bbdefault\u00a0\u00bb width=\u00a0\u00bb100%\u00a0\u00bb global_colors_info=\u00a0\u00bb{}\u00a0\u00bb][et_pb_column type=\u00a0\u00bb4_4&Prime; _builder_version=\u00a0\u00bb4.27.4&Prime; _module_preset=\u00a0\u00bbdefault\u00a0\u00bb global_colors_info=\u00a0\u00bb{}\u00a0\u00bb][et_pb_code _builder_version=\u00a0\u00bb4.27.4&Prime; _module_preset=\u00a0\u00bbdefault\u00a0\u00bb max_width=\u00a0\u00bb70%\u00a0\u00bb module_alignment=\u00a0\u00bbcenter\u00a0\u00bb hover_enabled=\u00a0\u00bb0&Prime; global_colors_info=\u00a0\u00bb{}\u00a0\u00bb sticky_enabled=\u00a0\u00bb0&Prime;]<script src=\"https:\/\/js.hsforms.net\/forms\/embed\/206008.js\" defer><\/script><!-- [et_pb_line_break_holder] --><\/p>\n<div class=\"hs-form-frame\" data-region=\"na1\" data-form-id=\"335961a7-18b7-44a8-a5cf-c21959c294a1\" data-portal-id=\"206008\"><\/div>\n<p>[\/et_pb_code][\/et_pb_column][\/et_pb_row][\/et_pb_section]<\/p>\n","protected":false},"excerpt":{"rendered":"<p>Contactez-nousSoumettez une demande pour entamer une conversation d\u00e8s aujourd&rsquo;hui.<\/p>\n","protected":false},"author":1,"featured_media":0,"parent":0,"menu_order":0,"comment_status":"closed","ping_status":"closed","template":"","meta":{"_acf_changed":false,"_et_pb_use_builder":"on","_et_pb_old_content":"","_et_gb_content_width":"","content-type":"","episode_type":"","audio_file":"","podmotor_file_id":"","podmotor_episode_id":"","cover_image":"","cover_image_id":"","duration":"","filesize":"","filesize_raw":"","date_recorded":"","explicit":"","block":"","itunes_episode_number":"","itunes_title":"","itunes_season_number":"","itunes_episode_type":"","footnotes":""},"difl_page_category":[],"class_list":["post-987","page","type-page","status-publish"],"acf":[],"yoast_head":"<!-- This site is optimized with the Yoast SEO Premium plugin v27.5 (Yoast SEO v27.5) - https:\/\/yoast.com\/product\/yoast-seo-premium-wordpress\/ -->\n<title>Informations de contact - Pellera Technologies<\/title>\n<meta name=\"description\" content=\"Contact Pellera Technologies. Notre \u00e9quipe est l\u00e0 pour vous aider. Obtenez les coordonn\u00e9es de l&#039;entreprise Pellera ou soumettez une demande pour entamer une conversation d\u00e8s aujourd&#039;hui.\" \/>\n<meta name=\"robots\" content=\"index, follow, max-snippet:-1, max-image-preview:large, max-video-preview:-1\" \/>\n<link rel=\"canonical\" href=\"https:\/\/pellera.com\/fr\/contactez-nous\/\" \/>\n<meta property=\"og:locale\" content=\"fr_FR\" \/>\n<meta property=\"og:type\" content=\"article\" \/>\n<meta property=\"og:title\" content=\"Contactez-nous\" \/>\n<meta property=\"og:description\" content=\"Contact Pellera Technologies. Notre \u00e9quipe est l\u00e0 pour vous aider. Obtenez les coordonn\u00e9es de l&#039;entreprise Pellera ou soumettez une demande pour entamer une conversation d\u00e8s aujourd&#039;hui.\" \/>\n<meta property=\"og:url\" content=\"https:\/\/pellera.com\/fr\/contactez-nous\/\" \/>\n<meta property=\"og:site_name\" content=\"Pellera Technologies\" \/>\n<meta property=\"article:modified_time\" content=\"2025-07-25T16:30:49+00:00\" \/>\n<meta property=\"og:image\" content=\"https:\/\/pellera.com\/wp-content\/uploads\/2025\/07\/cropped-Pellera-favicon.png\" \/>\n\t<meta property=\"og:image:width\" content=\"512\" \/>\n\t<meta property=\"og:image:height\" content=\"512\" \/>\n\t<meta property=\"og:image:type\" content=\"image\/png\" \/>\n<meta name=\"twitter:card\" content=\"summary_large_image\" \/>\n<meta name=\"twitter:label1\" content=\"Est. reading time\" \/>\n\t<meta name=\"twitter:data1\" content=\"1 minute\" \/>\n<script type=\"application\/ld+json\" class=\"yoast-schema-graph\">{\"@context\":\"https:\\\/\\\/schema.org\",\"@graph\":[{\"@type\":\"WebPage\",\"@id\":\"https:\\\/\\\/pellera.com\\\/fr\\\/contactez-nous\\\/\",\"url\":\"https:\\\/\\\/pellera.com\\\/fr\\\/contactez-nous\\\/\",\"name\":\"Informations de contact - Pellera Technologies\",\"isPartOf\":{\"@id\":\"https:\\\/\\\/pellera.com\\\/fr\\\/#website\"},\"datePublished\":\"2025-07-07T15:53:02+00:00\",\"dateModified\":\"2025-07-25T16:30:49+00:00\",\"description\":\"Contact Pellera Technologies. Notre \u00e9quipe est l\u00e0 pour vous aider. Obtenez les coordonn\u00e9es de l'entreprise Pellera ou soumettez une demande pour entamer une conversation d\u00e8s aujourd'hui.\",\"breadcrumb\":{\"@id\":\"https:\\\/\\\/pellera.com\\\/fr\\\/contactez-nous\\\/#breadcrumb\"},\"inLanguage\":\"fr-FR\",\"potentialAction\":[{\"@type\":\"ReadAction\",\"target\":[\"https:\\\/\\\/pellera.com\\\/fr\\\/contactez-nous\\\/\"]}]},{\"@type\":\"BreadcrumbList\",\"@id\":\"https:\\\/\\\/pellera.com\\\/fr\\\/contactez-nous\\\/#breadcrumb\",\"itemListElement\":[{\"@type\":\"ListItem\",\"position\":1,\"name\":\"Home\",\"item\":\"https:\\\/\\\/pellera.com\\\/fr\\\/\"},{\"@type\":\"ListItem\",\"position\":2,\"name\":\"Contactez-nous\"}]},{\"@type\":\"WebSite\",\"@id\":\"https:\\\/\\\/pellera.com\\\/fr\\\/#website\",\"url\":\"https:\\\/\\\/pellera.com\\\/fr\\\/\",\"name\":\"Pellera Technologies\",\"description\":\"Momemtum builds here\",\"publisher\":{\"@id\":\"https:\\\/\\\/pellera.com\\\/fr\\\/#organization\"},\"alternateName\":\"Pellera\",\"potentialAction\":[{\"@type\":\"SearchAction\",\"target\":{\"@type\":\"EntryPoint\",\"urlTemplate\":\"https:\\\/\\\/pellera.com\\\/fr\\\/?s={search_term_string}\"},\"query-input\":{\"@type\":\"PropertyValueSpecification\",\"valueRequired\":true,\"valueName\":\"search_term_string\"}}],\"inLanguage\":\"fr-FR\"},{\"@type\":\"Organization\",\"@id\":\"https:\\\/\\\/pellera.com\\\/fr\\\/#organization\",\"name\":\"Pellera Technologies\",\"alternateName\":\"Pellera\",\"url\":\"https:\\\/\\\/pellera.com\\\/fr\\\/\",\"logo\":{\"@type\":\"ImageObject\",\"inLanguage\":\"fr-FR\",\"@id\":\"https:\\\/\\\/pellera.com\\\/fr\\\/#\\\/schema\\\/logo\\\/image\\\/\",\"url\":\"https:\\\/\\\/pellera.com\\\/wp-content\\\/uploads\\\/2025\\\/07\\\/cropped-Pellera-favicon.png\",\"contentUrl\":\"https:\\\/\\\/pellera.com\\\/wp-content\\\/uploads\\\/2025\\\/07\\\/cropped-Pellera-favicon.png\",\"width\":512,\"height\":512,\"caption\":\"Pellera Technologies\"},\"image\":{\"@id\":\"https:\\\/\\\/pellera.com\\\/fr\\\/#\\\/schema\\\/logo\\\/image\\\/\"},\"sameAs\":[\"https:\\\/\\\/www.linkedin.com\\\/company\\\/pellera-technologies\\\/\",\"https:\\\/\\\/www.instagram.com\\\/pelleratech\\\/\",\"https:\\\/\\\/www.youtube.com\\\/@PelleraTech\"],\"legalName\":\"Pellera Technologies\"}]}<\/script>\n<!-- \/ Yoast SEO Premium plugin. -->","yoast_head_json":{"title":"Informations de contact - Pellera Technologies","description":"Contact Pellera Technologies. Notre \u00e9quipe est l\u00e0 pour vous aider. Obtenez les coordonn\u00e9es de l'entreprise Pellera ou soumettez une demande pour entamer une conversation d\u00e8s aujourd'hui.","robots":{"index":"index","follow":"follow","max-snippet":"max-snippet:-1","max-image-preview":"max-image-preview:large","max-video-preview":"max-video-preview:-1"},"canonical":"https:\/\/pellera.com\/fr\/contactez-nous\/","og_locale":"fr_FR","og_type":"article","og_title":"Contactez-nous","og_description":"Contact Pellera Technologies. Notre \u00e9quipe est l\u00e0 pour vous aider. Obtenez les coordonn\u00e9es de l'entreprise Pellera ou soumettez une demande pour entamer une conversation d\u00e8s aujourd'hui.","og_url":"https:\/\/pellera.com\/fr\/contactez-nous\/","og_site_name":"Pellera Technologies","article_modified_time":"2025-07-25T16:30:49+00:00","og_image":[{"width":512,"height":512,"url":"https:\/\/pellera.com\/wp-content\/uploads\/2025\/07\/cropped-Pellera-favicon.png","type":"image\/png"}],"twitter_card":"summary_large_image","twitter_misc":{"Est. reading time":"1 minute"},"schema":{"@context":"https:\/\/schema.org","@graph":[{"@type":"WebPage","@id":"https:\/\/pellera.com\/fr\/contactez-nous\/","url":"https:\/\/pellera.com\/fr\/contactez-nous\/","name":"Informations de contact - Pellera Technologies","isPartOf":{"@id":"https:\/\/pellera.com\/fr\/#website"},"datePublished":"2025-07-07T15:53:02+00:00","dateModified":"2025-07-25T16:30:49+00:00","description":"Contact Pellera Technologies. Notre \u00e9quipe est l\u00e0 pour vous aider. Obtenez les coordonn\u00e9es de l'entreprise Pellera ou soumettez une demande pour entamer une conversation d\u00e8s aujourd'hui.","breadcrumb":{"@id":"https:\/\/pellera.com\/fr\/contactez-nous\/#breadcrumb"},"inLanguage":"fr-FR","potentialAction":[{"@type":"ReadAction","target":["https:\/\/pellera.com\/fr\/contactez-nous\/"]}]},{"@type":"BreadcrumbList","@id":"https:\/\/pellera.com\/fr\/contactez-nous\/#breadcrumb","itemListElement":[{"@type":"ListItem","position":1,"name":"Home","item":"https:\/\/pellera.com\/fr\/"},{"@type":"ListItem","position":2,"name":"Contactez-nous"}]},{"@type":"WebSite","@id":"https:\/\/pellera.com\/fr\/#website","url":"https:\/\/pellera.com\/fr\/","name":"Pellera Technologies","description":"Momemtum builds here","publisher":{"@id":"https:\/\/pellera.com\/fr\/#organization"},"alternateName":"Pellera","potentialAction":[{"@type":"SearchAction","target":{"@type":"EntryPoint","urlTemplate":"https:\/\/pellera.com\/fr\/?s={search_term_string}"},"query-input":{"@type":"PropertyValueSpecification","valueRequired":true,"valueName":"search_term_string"}}],"inLanguage":"fr-FR"},{"@type":"Organization","@id":"https:\/\/pellera.com\/fr\/#organization","name":"Pellera Technologies","alternateName":"Pellera","url":"https:\/\/pellera.com\/fr\/","logo":{"@type":"ImageObject","inLanguage":"fr-FR","@id":"https:\/\/pellera.com\/fr\/#\/schema\/logo\/image\/","url":"https:\/\/pellera.com\/wp-content\/uploads\/2025\/07\/cropped-Pellera-favicon.png","contentUrl":"https:\/\/pellera.com\/wp-content\/uploads\/2025\/07\/cropped-Pellera-favicon.png","width":512,"height":512,"caption":"Pellera Technologies"},"image":{"@id":"https:\/\/pellera.com\/fr\/#\/schema\/logo\/image\/"},"sameAs":["https:\/\/www.linkedin.com\/company\/pellera-technologies\/","https:\/\/www.instagram.com\/pelleratech\/","https:\/\/www.youtube.com\/@PelleraTech"],"legalName":"Pellera Technologies"}]}},"featured_image_src":null,"featured_image_src_square":null,"_links":{"self":[{"href":"https:\/\/pellera.com\/fr\/wp-json\/wp\/v2\/pages\/987","targetHints":{"allow":["GET"]}}],"collection":[{"href":"https:\/\/pellera.com\/fr\/wp-json\/wp\/v2\/pages"}],"about":[{"href":"https:\/\/pellera.com\/fr\/wp-json\/wp\/v2\/types\/page"}],"author":[{"embeddable":true,"href":"https:\/\/pellera.com\/fr\/wp-json\/wp\/v2\/users\/1"}],"replies":[{"embeddable":true,"href":"https:\/\/pellera.com\/fr\/wp-json\/wp\/v2\/comments?post=987"}],"version-history":[{"count":0,"href":"https:\/\/pellera.com\/fr\/wp-json\/wp\/v2\/pages\/987\/revisions"}],"wp:attachment":[{"href":"https:\/\/pellera.com\/fr\/wp-json\/wp\/v2\/media?parent=987"}],"wp:term":[{"taxonomy":"difl_page_category","embeddable":true,"href":"https:\/\/pellera.com\/fr\/wp-json\/wp\/v2\/difl_page_category?post=987"}],"curies":[{"name":"wp","href":"https:\/\/api.w.org\/{rel}","templated":true}]}}