{"id":637,"date":"2025-07-01T09:27:49","date_gmt":"2025-07-01T13:27:49","guid":{"rendered":"https:\/\/pellerastg.wpenginepowered.com\/blog\/"},"modified":"2025-07-11T05:16:07","modified_gmt":"2025-07-11T09:16:07","slug":"blog","status":"publish","type":"page","link":"https:\/\/pellera.com\/fr\/blog\/","title":{"rendered":"Blog"},"content":{"rendered":"<p>[et_pb_section fb_built=\u00a0\u00bb1&Prime; admin_label=\u00a0\u00bbNewsletter\u00a0\u00bb _builder_version=\u00a0\u00bb4.27.4&Prime; _module_preset=\u00a0\u00bbdefault\u00a0\u00bb background_color=\u00a0\u00bbgcid-b6c4f12c-f25d-4f61-9fb1-6e96404634cd\u00a0\u00bb background_image=\u00a0\u00bbhttps:\/\/pellera.com\/wp-content\/uploads\/2025\/07\/purple-light-bg-2.jpg\u00a0\u00bb background_position=\u00a0\u00bbtop_center\u00a0\u00bb locked=\u00a0\u00bboff\u00a0\u00bb global_colors_info=\u00a0\u00bb{%22gcid-b6c4f12c-f25d-4f61-9fb1-6e96404634cd%22:%91%22background_color%22%93}\u00a0\u00bb][et_pb_row _builder_version=\u00a0\u00bb4.27.4&Prime; _module_preset=\u00a0\u00bbdefault\u00a0\u00bb global_colors_info=\u00a0\u00bb{}\u00a0\u00bb][et_pb_column type=\u00a0\u00bb4_4&Prime; _builder_version=\u00a0\u00bb4.27.4&Prime; _module_preset=\u00a0\u00bbdefault\u00a0\u00bb global_colors_info=\u00a0\u00bb{}\u00a0\u00bb][et_pb_text _builder_version=\u00a0\u00bb4.27.4&Prime; _module_preset=\u00a0\u00bbdefault\u00a0\u00bb global_colors_info=\u00a0\u00bb{}\u00a0\u00bb]<\/p>\n<h1>Blog<\/h1>\n<p>[\/et_pb_text][\/et_pb_column][\/et_pb_row][\/et_pb_section][et_pb_section fb_built=\u00a0\u00bb1&Prime; admin_label=\u00a0\u00bbBlog\u00a0\u00bb _builder_version=\u00a0\u00bb4.25.2&Prime; _module_preset=\u00a0\u00bbdefault\u00a0\u00bb hover_enabled=\u00a0\u00bb0&Prime; locked=\u00a0\u00bboff\u00a0\u00bb global_colors_info=\u00a0\u00bb{}\u00a0\u00bb sticky_enabled=\u00a0\u00bb0&Prime;][et_pb_row column_structure=\u00a0\u00bb1_4,3_4&Prime; make_equal=\u00a0\u00bbon\u00a0\u00bb _builder_version=\u00a0\u00bb4.27.4&Prime; _module_preset=\u00a0\u00bbdefault\u00a0\u00bb hover_enabled=\u00a0\u00bb0&Prime; global_colors_info=\u00a0\u00bb{}\u00a0\u00bb width=\u00a0\u00bb95%\u00a0\u00bb sticky_enabled=\u00a0\u00bb0&Prime;][et_pb_column type=\u00a0\u00bb1_4&Prime; _builder_version=\u00a0\u00bb4.27.4&Prime; _module_preset=\u00a0\u00bbdefault\u00a0\u00bb border_width_right=\u00a0\u00bb1px\u00a0\u00bb border_color_right=\u00a0\u00bb#767676&Prime; global_colors_info=\u00a0\u00bb{}\u00a0\u00bb][et_pb_text _builder_version=\u00a0\u00bb4.27.4&Prime; _module_preset=\u00a0\u00bbdefault\u00a0\u00bb text_font_size=\u00a0\u00bb22px\u00a0\u00bb text_orientation=\u00a0\u00bbcenter\u00a0\u00bb global_colors_info=\u00a0\u00bb{}\u00a0\u00bb]<\/p>\n<p>Suivez-nous<\/p>\n<p>[\/et_pb_text][et_pb_social_media_follow _builder_version=\u00a0\u00bb4.27.4&Prime; _module_preset=\u00a0\u00bbdefault\u00a0\u00bb text_orientation=\u00a0\u00bbcenter\u00a0\u00bb global_colors_info=\u00a0\u00bb{}\u00a0\u00bb][et_pb_social_media_follow_network social_network=\u00a0\u00bblinkedin\u00a0\u00bb url=\u00a0\u00bbhttps:\/\/www.linkedin.com\/company\/pellera-technologies\/\u00a0\u00bb icon_color=\u00a0\u00bb#767676&Prime; _builder_version=\u00a0\u00bb4.27.4&Prime; _module_preset=\u00a0\u00bbdefault\u00a0\u00bb background_color=\u00a0\u00bbRGBA(255,255,255,0)\u00a0\u00bb background_enable_color=\u00a0\u00bbon\u00a0\u00bb global_colors_info=\u00a0\u00bb{}\u00a0\u00bb follow_button=\u00a0\u00bboff\u00a0\u00bb url_new_window=\u00a0\u00bbon\u00a0\u00bb]linkedin[\/et_pb_social_media_follow_network][et_pb_social_media_follow_network social_network=\u00a0\u00bbinstagram\u00a0\u00bb url=\u00a0\u00bbhttps:\/\/www.instagram.com\/pelleratech\/\u00a0\u00bb icon_color=\u00a0\u00bb#767676&Prime; _builder_version=\u00a0\u00bb4.27.4&Prime; _module_preset=\u00a0\u00bbdefault\u00a0\u00bb background_color=\u00a0\u00bbRGBA(255,255,255,0)\u00a0\u00bb background_enable_color=\u00a0\u00bbon\u00a0\u00bb global_colors_info=\u00a0\u00bb{}\u00a0\u00bb follow_button=\u00a0\u00bboff\u00a0\u00bb url_new_window=\u00a0\u00bbon\u00a0\u00bb]instagram[\/et_pb_social_media_follow_network][et_pb_social_media_follow_network social_network=\u00a0\u00bbyoutube\u00a0\u00bb url=\u00a0\u00bbhttps:\/\/www.youtube.com\/@PelleraTech\u00a0\u00bb icon_color=\u00a0\u00bb#767676&Prime; _builder_version=\u00a0\u00bb4.27.4&Prime; _module_preset=\u00a0\u00bbdefault\u00a0\u00bb background_color=\u00a0\u00bbRGBA(255,255,255,0)\u00a0\u00bb background_enable_color=\u00a0\u00bbon\u00a0\u00bb global_colors_info=\u00a0\u00bb{}\u00a0\u00bb follow_button=\u00a0\u00bboff\u00a0\u00bb url_new_window=\u00a0\u00bbon\u00a0\u00bb]youtube[\/et_pb_social_media_follow_network][et_pb_social_media_follow_network social_network=\u00a0\u00bbspotify\u00a0\u00bb url=\u00a0\u00bbhttps:\/\/open.spotify.com\/show\/69rQSq4EE3ppgH1ofljfnV?si=29e52e8492c34a02&Prime; icon_color=\u00a0\u00bb#767676&Prime; _builder_version=\u00a0\u00bb4.27.4&Prime; _module_preset=\u00a0\u00bbdefault\u00a0\u00bb background_color=\u00a0\u00bbRGBA(255,255,255,0)\u00a0\u00bb background_enable_color=\u00a0\u00bbon\u00a0\u00bb global_colors_info=\u00a0\u00bb{}\u00a0\u00bb follow_button=\u00a0\u00bboff\u00a0\u00bb url_new_window=\u00a0\u00bbon\u00a0\u00bb]spotify[\/et_pb_social_media_follow_network][\/et_pb_social_media_follow][\/et_pb_column][et_pb_column type=\u00a0\u00bb3_4&Prime; _builder_version=\u00a0\u00bb4.27.4&Prime; _module_preset=\u00a0\u00bbdefault\u00a0\u00bb global_colors_info=\u00a0\u00bb{}\u00a0\u00bb][et_pb_blog fullwidth=\u00a0\u00bboff\u00a0\u00bb include_categories=\u00a0\u00bb12,11,10,13,16,15,18,14,17&Prime; show_author=\u00a0\u00bboff\u00a0\u00bb show_date=\u00a0\u00bboff\u00a0\u00bb show_pagination=\u00a0\u00bboff\u00a0\u00bb _builder_version=\u00a0\u00bb4.27.4&Prime; _module_preset=\u00a0\u00bbdefault\u00a0\u00bb meta_text_color=\u00a0\u00bb#7B17FF\u00a0\u00bb hover_enabled=\u00a0\u00bb0&Prime; border_width_all=\u00a0\u00bb0px\u00a0\u00bb global_colors_info=\u00a0\u00bb{}\u00a0\u00bb use_manual_excerpt=\u00a0\u00bboff\u00a0\u00bb show_more=\u00a0\u00bbon\u00a0\u00bb show_excerpt=\u00a0\u00bboff\u00a0\u00bb sticky_enabled=\u00a0\u00bb0&Prime;][\/et_pb_blog][\/et_pb_column][\/et_pb_row][\/et_pb_section]<\/p>\n","protected":false},"excerpt":{"rendered":"<p>BlogSuivez-nous<\/p>\n","protected":false},"author":1,"featured_media":0,"parent":0,"menu_order":0,"comment_status":"closed","ping_status":"closed","template":"","meta":{"_acf_changed":false,"_et_pb_use_builder":"on","_et_pb_old_content":"","_et_gb_content_width":"","content-type":"","episode_type":"","audio_file":"","podmotor_file_id":"","podmotor_episode_id":"","cover_image":"","cover_image_id":"","duration":"","filesize":"","filesize_raw":"","date_recorded":"","explicit":"","block":"","itunes_episode_number":"","itunes_title":"","itunes_season_number":"","itunes_episode_type":"","footnotes":""},"difl_page_category":[],"class_list":["post-637","page","type-page","status-publish"],"acf":[],"yoast_head":"<!-- This site is optimized with the Yoast SEO Premium plugin v27.5 (Yoast SEO v27.5) - https:\/\/yoast.com\/product\/yoast-seo-premium-wordpress\/ -->\n<title>Blog - Pellera Technologies<\/title>\n<meta name=\"description\" content=\"Le blogue de Pellera Technologies est l&#039;endroit o\u00f9 les leaders en TI vont chercher des id\u00e9es novatrices et des renseignements pratiques pour stimuler l&#039;\u00e9lan de l&#039;entreprise et faire \u00e9voluer la technologie.\" \/>\n<meta name=\"robots\" content=\"index, follow, max-snippet:-1, max-image-preview:large, max-video-preview:-1\" \/>\n<link rel=\"canonical\" href=\"https:\/\/pellera.com\/fr\/blog\/\" \/>\n<meta property=\"og:locale\" content=\"fr_FR\" \/>\n<meta property=\"og:type\" content=\"article\" \/>\n<meta property=\"og:title\" content=\"Blog\" \/>\n<meta property=\"og:description\" content=\"Le blogue de Pellera Technologies est l&#039;endroit o\u00f9 les leaders en TI vont chercher des id\u00e9es novatrices et des renseignements pratiques pour stimuler l&#039;\u00e9lan de l&#039;entreprise et faire \u00e9voluer la technologie.\" \/>\n<meta property=\"og:url\" content=\"https:\/\/pellera.com\/fr\/blog\/\" \/>\n<meta property=\"og:site_name\" content=\"Pellera Technologies\" \/>\n<meta property=\"article:modified_time\" content=\"2025-07-11T09:16:07+00:00\" \/>\n<meta property=\"og:image\" content=\"https:\/\/pellera.com\/wp-content\/uploads\/2025\/07\/cropped-Pellera-favicon.png\" \/>\n\t<meta property=\"og:image:width\" content=\"512\" \/>\n\t<meta property=\"og:image:height\" content=\"512\" \/>\n\t<meta property=\"og:image:type\" content=\"image\/png\" \/>\n<meta name=\"twitter:card\" content=\"summary_large_image\" \/>\n<meta name=\"twitter:label1\" content=\"Est. reading time\" \/>\n\t<meta name=\"twitter:data1\" content=\"2 minutes\" \/>\n<script type=\"application\/ld+json\" class=\"yoast-schema-graph\">{\"@context\":\"https:\\\/\\\/schema.org\",\"@graph\":[{\"@type\":\"WebPage\",\"@id\":\"https:\\\/\\\/pellera.com\\\/fr\\\/blog\\\/\",\"url\":\"https:\\\/\\\/pellera.com\\\/fr\\\/blog\\\/\",\"name\":\"Blog - Pellera Technologies\",\"isPartOf\":{\"@id\":\"https:\\\/\\\/pellera.com\\\/fr\\\/#website\"},\"datePublished\":\"2025-07-01T13:27:49+00:00\",\"dateModified\":\"2025-07-11T09:16:07+00:00\",\"description\":\"Le blogue de Pellera Technologies est l'endroit o\u00f9 les leaders en TI vont chercher des id\u00e9es novatrices et des renseignements pratiques pour stimuler l'\u00e9lan de l'entreprise et faire \u00e9voluer la technologie.\",\"breadcrumb\":{\"@id\":\"https:\\\/\\\/pellera.com\\\/fr\\\/blog\\\/#breadcrumb\"},\"inLanguage\":\"fr-FR\",\"potentialAction\":[{\"@type\":\"ReadAction\",\"target\":[\"https:\\\/\\\/pellera.com\\\/fr\\\/blog\\\/\"]}]},{\"@type\":\"BreadcrumbList\",\"@id\":\"https:\\\/\\\/pellera.com\\\/fr\\\/blog\\\/#breadcrumb\",\"itemListElement\":[{\"@type\":\"ListItem\",\"position\":1,\"name\":\"Home\",\"item\":\"https:\\\/\\\/pellera.com\\\/fr\\\/\"},{\"@type\":\"ListItem\",\"position\":2,\"name\":\"Blog\"}]},{\"@type\":\"WebSite\",\"@id\":\"https:\\\/\\\/pellera.com\\\/fr\\\/#website\",\"url\":\"https:\\\/\\\/pellera.com\\\/fr\\\/\",\"name\":\"Pellera Technologies\",\"description\":\"Momemtum builds here\",\"publisher\":{\"@id\":\"https:\\\/\\\/pellera.com\\\/fr\\\/#organization\"},\"alternateName\":\"Pellera\",\"potentialAction\":[{\"@type\":\"SearchAction\",\"target\":{\"@type\":\"EntryPoint\",\"urlTemplate\":\"https:\\\/\\\/pellera.com\\\/fr\\\/?s={search_term_string}\"},\"query-input\":{\"@type\":\"PropertyValueSpecification\",\"valueRequired\":true,\"valueName\":\"search_term_string\"}}],\"inLanguage\":\"fr-FR\"},{\"@type\":\"Organization\",\"@id\":\"https:\\\/\\\/pellera.com\\\/fr\\\/#organization\",\"name\":\"Pellera Technologies\",\"alternateName\":\"Pellera\",\"url\":\"https:\\\/\\\/pellera.com\\\/fr\\\/\",\"logo\":{\"@type\":\"ImageObject\",\"inLanguage\":\"fr-FR\",\"@id\":\"https:\\\/\\\/pellera.com\\\/fr\\\/#\\\/schema\\\/logo\\\/image\\\/\",\"url\":\"https:\\\/\\\/pellera.com\\\/wp-content\\\/uploads\\\/2025\\\/07\\\/cropped-Pellera-favicon.png\",\"contentUrl\":\"https:\\\/\\\/pellera.com\\\/wp-content\\\/uploads\\\/2025\\\/07\\\/cropped-Pellera-favicon.png\",\"width\":512,\"height\":512,\"caption\":\"Pellera Technologies\"},\"image\":{\"@id\":\"https:\\\/\\\/pellera.com\\\/fr\\\/#\\\/schema\\\/logo\\\/image\\\/\"},\"sameAs\":[\"https:\\\/\\\/www.linkedin.com\\\/company\\\/pellera-technologies\\\/\",\"https:\\\/\\\/www.instagram.com\\\/pelleratech\\\/\",\"https:\\\/\\\/www.youtube.com\\\/@PelleraTech\"],\"legalName\":\"Pellera Technologies\"}]}<\/script>\n<!-- \/ Yoast SEO Premium plugin. -->","yoast_head_json":{"title":"Blog - Pellera Technologies","description":"Le blogue de Pellera Technologies est l'endroit o\u00f9 les leaders en TI vont chercher des id\u00e9es novatrices et des renseignements pratiques pour stimuler l'\u00e9lan de l'entreprise et faire \u00e9voluer la technologie.","robots":{"index":"index","follow":"follow","max-snippet":"max-snippet:-1","max-image-preview":"max-image-preview:large","max-video-preview":"max-video-preview:-1"},"canonical":"https:\/\/pellera.com\/fr\/blog\/","og_locale":"fr_FR","og_type":"article","og_title":"Blog","og_description":"Le blogue de Pellera Technologies est l'endroit o\u00f9 les leaders en TI vont chercher des id\u00e9es novatrices et des renseignements pratiques pour stimuler l'\u00e9lan de l'entreprise et faire \u00e9voluer la technologie.","og_url":"https:\/\/pellera.com\/fr\/blog\/","og_site_name":"Pellera Technologies","article_modified_time":"2025-07-11T09:16:07+00:00","og_image":[{"width":512,"height":512,"url":"https:\/\/pellera.com\/wp-content\/uploads\/2025\/07\/cropped-Pellera-favicon.png","type":"image\/png"}],"twitter_card":"summary_large_image","twitter_misc":{"Est. reading time":"2 minutes"},"schema":{"@context":"https:\/\/schema.org","@graph":[{"@type":"WebPage","@id":"https:\/\/pellera.com\/fr\/blog\/","url":"https:\/\/pellera.com\/fr\/blog\/","name":"Blog - Pellera Technologies","isPartOf":{"@id":"https:\/\/pellera.com\/fr\/#website"},"datePublished":"2025-07-01T13:27:49+00:00","dateModified":"2025-07-11T09:16:07+00:00","description":"Le blogue de Pellera Technologies est l'endroit o\u00f9 les leaders en TI vont chercher des id\u00e9es novatrices et des renseignements pratiques pour stimuler l'\u00e9lan de l'entreprise et faire \u00e9voluer la technologie.","breadcrumb":{"@id":"https:\/\/pellera.com\/fr\/blog\/#breadcrumb"},"inLanguage":"fr-FR","potentialAction":[{"@type":"ReadAction","target":["https:\/\/pellera.com\/fr\/blog\/"]}]},{"@type":"BreadcrumbList","@id":"https:\/\/pellera.com\/fr\/blog\/#breadcrumb","itemListElement":[{"@type":"ListItem","position":1,"name":"Home","item":"https:\/\/pellera.com\/fr\/"},{"@type":"ListItem","position":2,"name":"Blog"}]},{"@type":"WebSite","@id":"https:\/\/pellera.com\/fr\/#website","url":"https:\/\/pellera.com\/fr\/","name":"Pellera Technologies","description":"Momemtum builds here","publisher":{"@id":"https:\/\/pellera.com\/fr\/#organization"},"alternateName":"Pellera","potentialAction":[{"@type":"SearchAction","target":{"@type":"EntryPoint","urlTemplate":"https:\/\/pellera.com\/fr\/?s={search_term_string}"},"query-input":{"@type":"PropertyValueSpecification","valueRequired":true,"valueName":"search_term_string"}}],"inLanguage":"fr-FR"},{"@type":"Organization","@id":"https:\/\/pellera.com\/fr\/#organization","name":"Pellera Technologies","alternateName":"Pellera","url":"https:\/\/pellera.com\/fr\/","logo":{"@type":"ImageObject","inLanguage":"fr-FR","@id":"https:\/\/pellera.com\/fr\/#\/schema\/logo\/image\/","url":"https:\/\/pellera.com\/wp-content\/uploads\/2025\/07\/cropped-Pellera-favicon.png","contentUrl":"https:\/\/pellera.com\/wp-content\/uploads\/2025\/07\/cropped-Pellera-favicon.png","width":512,"height":512,"caption":"Pellera Technologies"},"image":{"@id":"https:\/\/pellera.com\/fr\/#\/schema\/logo\/image\/"},"sameAs":["https:\/\/www.linkedin.com\/company\/pellera-technologies\/","https:\/\/www.instagram.com\/pelleratech\/","https:\/\/www.youtube.com\/@PelleraTech"],"legalName":"Pellera Technologies"}]}},"featured_image_src":null,"featured_image_src_square":null,"_links":{"self":[{"href":"https:\/\/pellera.com\/fr\/wp-json\/wp\/v2\/pages\/637","targetHints":{"allow":["GET"]}}],"collection":[{"href":"https:\/\/pellera.com\/fr\/wp-json\/wp\/v2\/pages"}],"about":[{"href":"https:\/\/pellera.com\/fr\/wp-json\/wp\/v2\/types\/page"}],"author":[{"embeddable":true,"href":"https:\/\/pellera.com\/fr\/wp-json\/wp\/v2\/users\/1"}],"replies":[{"embeddable":true,"href":"https:\/\/pellera.com\/fr\/wp-json\/wp\/v2\/comments?post=637"}],"version-history":[{"count":0,"href":"https:\/\/pellera.com\/fr\/wp-json\/wp\/v2\/pages\/637\/revisions"}],"wp:attachment":[{"href":"https:\/\/pellera.com\/fr\/wp-json\/wp\/v2\/media?parent=637"}],"wp:term":[{"taxonomy":"difl_page_category","embeddable":true,"href":"https:\/\/pellera.com\/fr\/wp-json\/wp\/v2\/difl_page_category?post=637"}],"curies":[{"name":"wp","href":"https:\/\/api.w.org\/{rel}","templated":true}]}}